{"id":27,"date":"2024-05-07T20:35:51","date_gmt":"2024-05-08T01:35:51","guid":{"rendered":"https:\/\/discotecasmedellin.com.co\/?page_id=27"},"modified":"2026-01-08T17:43:02","modified_gmt":"2026-01-08T22:43:02","slug":"home","status":"publish","type":"page","link":"https:\/\/discotecasmedellin.com.co\/en\/","title":{"rendered":"HOME"},"content":{"rendered":"<div data-elementor-type=\"wp-page\" data-elementor-id=\"27\" class=\"elementor elementor-27\" data-elementor-post-type=\"page\">\n\t\t\t\t<div class=\"elementor-element elementor-element-2lhe5uq e-con-full e-flex e-con e-parent\" data-id=\"2lhe5uq\" data-element_type=\"container\">\n\t\t<a class=\"elementor-element elementor-element-6eaedaf e-con-full e-flex e-con e-child\" data-id=\"6eaedaf\" data-element_type=\"container\" data-settings=\"{&quot;background_background&quot;:&quot;classic&quot;}\" href=\"https:\/\/discotecasmedellin.com.co\/en\/flow\/\">\n\t\t\t\t<div class=\"elementor-element elementor-element-c535820 elementor-widget elementor-widget-heading\" data-id=\"c535820\" data-element_type=\"widget\" data-widget_type=\"heading.default\">\n\t\t\t\t<div class=\"elementor-widget-container\">\n\t\t\t<h2 class=\"elementor-heading-title elementor-size-default\">RESERVE<\/h2>\t\t<\/div>\n\t\t\t\t<\/div>\n\t\t\t\t<\/a>\n\t\t<a class=\"elementor-element elementor-element-04e80e8 e-con-full e-flex e-con e-child\" data-id=\"04e80e8\" data-element_type=\"container\" data-settings=\"{&quot;background_background&quot;:&quot;classic&quot;}\" href=\"https:\/\/discotecasmedellin.com.co\/en\/ilegal\/\">\n\t\t\t\t<div class=\"elementor-element elementor-element-82f41c5 elementor-widget elementor-widget-heading\" data-id=\"82f41c5\" data-element_type=\"widget\" data-widget_type=\"heading.default\">\n\t\t\t\t<div class=\"elementor-widget-container\">\n\t\t\t<h2 class=\"elementor-heading-title elementor-size-default\">RESERVE<\/h2>\t\t<\/div>\n\t\t\t\t<\/div>\n\t\t\t\t<\/a>\n\t\t<a class=\"elementor-element elementor-element-feccb09 e-con-full e-flex e-con e-child\" data-id=\"feccb09\" data-element_type=\"container\" data-settings=\"{&quot;background_background&quot;:&quot;classic&quot;}\" href=\"https:\/\/discotecasmedellin.com.co\/en\/seven\/\">\n\t\t\t\t<div class=\"elementor-element elementor-element-b81851e elementor-widget elementor-widget-heading\" data-id=\"b81851e\" data-element_type=\"widget\" data-widget_type=\"heading.default\">\n\t\t\t\t<div class=\"elementor-widget-container\">\n\t\t\t<h2 class=\"elementor-heading-title elementor-size-default\">RESERVE<\/h2>\t\t<\/div>\n\t\t\t\t<\/div>\n\t\t\t\t<\/a>\n\t\t\t\t<\/div>\n\t\t<div class=\"elementor-element elementor-element-de854a9 e-con-full e-flex e-con e-parent\" data-id=\"de854a9\" data-element_type=\"container\" data-settings=\"{&quot;background_background&quot;:&quot;slideshow&quot;,&quot;background_slideshow_gallery&quot;:[],&quot;background_slideshow_loop&quot;:&quot;yes&quot;,&quot;background_slideshow_slide_duration&quot;:5000,&quot;background_slideshow_slide_transition&quot;:&quot;fade&quot;,&quot;background_slideshow_transition_duration&quot;:500}\">\n\t\t<a class=\"elementor-element elementor-element-709b728 e-con-full e-flex e-con e-child\" data-id=\"709b728\" data-element_type=\"container\" data-settings=\"{&quot;background_background&quot;:&quot;classic&quot;}\" href=\"https:\/\/discotecasmedellin.com.co\/en\/rustico\/\">\n\t\t\t\t<div class=\"elementor-element elementor-element-1df5cbd elementor-widget elementor-widget-heading\" data-id=\"1df5cbd\" data-element_type=\"widget\" data-widget_type=\"heading.default\">\n\t\t\t\t<div class=\"elementor-widget-container\">\n\t\t\t<h2 class=\"elementor-heading-title elementor-size-default\">RESERVE<\/h2>\t\t<\/div>\n\t\t\t\t<\/div>\n\t\t\t\t<\/a>\n\t\t<div class=\"elementor-element elementor-element-bca6e86 e-con-full elementor-hidden-mobile e-flex e-con e-child\" data-id=\"bca6e86\" data-element_type=\"container\" data-settings=\"{&quot;background_background&quot;:&quot;classic&quot;}\">\n\t\t\t\t<\/div>\n\t\t<a class=\"elementor-element elementor-element-d8c9a20 e-con-full e-flex e-con e-child\" data-id=\"d8c9a20\" data-element_type=\"container\" data-settings=\"{&quot;background_background&quot;:&quot;classic&quot;}\" href=\"https:\/\/discotecasmedellin.com.co\/en\/old-west\/\">\n\t\t\t\t<div class=\"elementor-element elementor-element-f6dea86 elementor-widget elementor-widget-heading\" data-id=\"f6dea86\" data-element_type=\"widget\" data-widget_type=\"heading.default\">\n\t\t\t\t<div class=\"elementor-widget-container\">\n\t\t\t<h2 class=\"elementor-heading-title elementor-size-default\">RESERVE<\/h2>\t\t<\/div>\n\t\t\t\t<\/div>\n\t\t\t\t<\/a>\n\t\t\t\t<\/div>\n\t\t\t\t<section class=\"elementor-section elementor-top-section elementor-element elementor-element-uiiwmxi elementor-section-content-top elementor-section-boxed elementor-section-height-default elementor-section-height-default\" data-id=\"uiiwmxi\" data-element_type=\"section\" data-settings=\"{&quot;background_background&quot;:&quot;classic&quot;}\">\n\t\t\t\t\t\t\t<div class=\"elementor-background-overlay\"><\/div>\n\t\t\t\t\t\t\t<div class=\"elementor-container elementor-column-gap-no\">\n\t\t\t\t\t<div class=\"elementor-column elementor-col-100 elementor-top-column elementor-element elementor-element-36e7ccd\" data-id=\"36e7ccd\" data-element_type=\"column\">\n\t\t\t<div class=\"elementor-widget-wrap elementor-element-populated\">\n\t\t\t\t\t\t<div class=\"elementor-element elementor-element-febb385 elementor-widget elementor-widget-heading\" data-id=\"febb385\" data-element_type=\"widget\" data-widget_type=\"heading.default\">\n\t\t\t\t<div class=\"elementor-widget-container\">\n\t\t\t<h1 class=\"elementor-heading-title elementor-size-default\">Medellin Nightclubs <\/h1>\t\t<\/div>\n\t\t\t\t<\/div>\n\t\t\t\t<div class=\"elementor-element elementor-element-610fe6f elementor-widget elementor-widget-text-editor\" data-id=\"610fe6f\" data-element_type=\"widget\" data-widget_type=\"text-editor.default\">\n\t\t\t\t<div class=\"elementor-widget-container\">\n\t\t\t\t\t\t\t<p>We are a leading company in the nightlife entertainment industry, specialized in the management and operation of nightclubs and high-end restaurants in the city of Medell\u00edn. Our mission is to provide unique and memorable experiences to our clients, combining music, gastronomy and an unparalleled atmosphere. <a href=\"https:\/\/discotecasmedellin.com.co\/en\/rustico\/\">best bars and nightclubs in Medell\u00edn<\/a>combining music, gastronomy and an incomparable atmosphere.<\/p>\t\t\t\t\t\t<\/div>\n\t\t\t\t<\/div>\n\t\t\t\t\t<\/div>\n\t\t<\/div>\n\t\t\t\t\t<\/div>\n\t\t<\/section>\n\t\t\t\t<section class=\"elementor-section elementor-top-section elementor-element elementor-element-l5eb7v7 elementor-section-full_width elementor-section-content-middle elementor-reverse-mobile elementor-section-height-default elementor-section-height-default\" data-id=\"l5eb7v7\" data-element_type=\"section\" data-settings=\"{&quot;background_background&quot;:&quot;classic&quot;}\">\n\t\t\t\t\t\t<div class=\"elementor-container elementor-column-gap-no\">\n\t\t\t\t\t<div class=\"elementor-column elementor-col-50 elementor-top-column elementor-element elementor-element-79db928\" data-id=\"79db928\" data-element_type=\"column\" data-settings=\"{&quot;background_background&quot;:&quot;classic&quot;}\">\n\t\t\t<div class=\"elementor-widget-wrap elementor-element-populated\">\n\t\t\t\t\t\t<section class=\"elementor-section elementor-inner-section elementor-element elementor-element-c8c67ab elementor-section-boxed elementor-section-height-default elementor-section-height-default\" data-id=\"c8c67ab\" data-element_type=\"section\">\n\t\t\t\t\t\t<div class=\"elementor-container elementor-column-gap-no\">\n\t\t\t\t\t<div class=\"elementor-column elementor-col-100 elementor-inner-column elementor-element elementor-element-7c813f9\" data-id=\"7c813f9\" data-element_type=\"column\">\n\t\t\t<div class=\"elementor-widget-wrap elementor-element-populated\">\n\t\t\t\t\t\t<div class=\"elementor-element elementor-element-3bda911 elementor-widget elementor-widget-heading\" data-id=\"3bda911\" data-element_type=\"widget\" data-widget_type=\"heading.default\">\n\t\t\t\t<div class=\"elementor-widget-container\">\n\t\t\t<h2 class=\"elementor-heading-title elementor-size-default\">Celebrate your Corporate Events with Medell\u00edn Discotheques<\/h2>\t\t<\/div>\n\t\t\t\t<\/div>\n\t\t\t\t<div class=\"elementor-element elementor-element-ab78d7d elementor-widget elementor-widget-text-editor\" data-id=\"ab78d7d\" data-element_type=\"widget\" data-widget_type=\"text-editor.default\">\n\t\t\t\t<div class=\"elementor-widget-container\">\n\t\t\t\t\t\t\t<p>We invite you to celebrate your business events in our five unique spaces. Contact us and discover how we can make your celebration an unforgettable experience.<\/p>\t\t\t\t\t\t<\/div>\n\t\t\t\t<\/div>\n\t\t\t\t<div class=\"elementor-element elementor-element-a72ec84 elementor-align-left elementor-mobile-align-center elementor-widget elementor-widget-button\" data-id=\"a72ec84\" data-element_type=\"widget\" data-widget_type=\"button.default\">\n\t\t\t\t<div class=\"elementor-widget-container\">\n\t\t\t\t\t\t\t<div class=\"elementor-button-wrapper\">\n\t\t\t\t\t<a class=\"elementor-button elementor-button-link elementor-size-sm\" href=\"#\">\n\t\t\t\t\t\t<span class=\"elementor-button-content-wrapper\">\n\t\t\t\t\t\t\t\t\t<span class=\"elementor-button-text\">BOOK NOW<\/span>\n\t\t\t\t\t<\/span>\n\t\t\t\t\t<\/a>\n\t\t\t\t<\/div>\n\t\t\t\t\t\t<\/div>\n\t\t\t\t<\/div>\n\t\t\t\t\t<\/div>\n\t\t<\/div>\n\t\t\t\t\t<\/div>\n\t\t<\/section>\n\t\t\t\t\t<\/div>\n\t\t<\/div>\n\t\t\t\t<div class=\"elementor-column elementor-col-50 elementor-top-column elementor-element elementor-element-3e66579\" data-id=\"3e66579\" data-element_type=\"column\">\n\t\t\t<div class=\"elementor-widget-wrap elementor-element-populated\">\n\t\t\t\t\t\t<div class=\"elementor-element elementor-element-96d0ebe elementor-widget elementor-widget-image\" data-id=\"96d0ebe\" data-element_type=\"widget\" data-widget_type=\"image.default\">\n\t\t\t\t<div class=\"elementor-widget-container\">\n\t\t\t\t\t\t\t\t\t\t\t\t\t<img fetchpriority=\"high\" decoding=\"async\" width=\"1024\" height=\"1024\" src=\"https:\/\/discotecasmedellin.com.co\/wp-content\/uploads\/2024\/07\/1-1024x1024.jpg\" class=\"attachment-large size-large wp-image-155\" alt=\"\" srcset=\"https:\/\/discotecasmedellin.com.co\/wp-content\/uploads\/2024\/07\/1-1024x1024.jpg 1024w, https:\/\/discotecasmedellin.com.co\/wp-content\/uploads\/2024\/07\/1-300x300.jpg 300w, https:\/\/discotecasmedellin.com.co\/wp-content\/uploads\/2024\/07\/1-150x150.jpg 150w, https:\/\/discotecasmedellin.com.co\/wp-content\/uploads\/2024\/07\/1-768x768.jpg 768w, https:\/\/discotecasmedellin.com.co\/wp-content\/uploads\/2024\/07\/1.jpg 1200w\" sizes=\"(max-width: 1024px) 100vw, 1024px\" \/>\t\t\t\t\t\t\t\t\t\t\t\t\t<\/div>\n\t\t\t\t<\/div>\n\t\t\t\t\t<\/div>\n\t\t<\/div>\n\t\t\t\t\t<\/div>\n\t\t<\/section>\n\t\t\t\t<\/div>","protected":false},"excerpt":{"rendered":"<p>RESERVA RESERVA RESERVA RESERVA RESERVA Discotecas Medell\u00edn Somos una empresa l\u00edder en la industria del entretenimiento nocturno, especializada en la [&hellip;]<\/p>","protected":false},"author":1,"featured_media":0,"parent":0,"menu_order":0,"comment_status":"closed","ping_status":"closed","template":"","meta":{"_monsterinsights_skip_tracking":false,"_monsterinsights_sitenote_active":false,"_monsterinsights_sitenote_note":"","_monsterinsights_sitenote_category":0,"site-sidebar-layout":"no-sidebar","site-content-layout":"","ast-site-content-layout":"full-width-container","site-content-style":"default","site-sidebar-style":"default","ast-global-header-display":"","ast-banner-title-visibility":"","ast-main-header-display":"","ast-hfb-above-header-display":"","ast-hfb-below-header-display":"","ast-hfb-mobile-header-display":"","site-post-title":"disabled","ast-breadcrumbs-content":"","ast-featured-img":"disabled","footer-sml-layout":"","theme-transparent-header-meta":"","adv-header-id-meta":"","stick-header-meta":"","header-above-stick-meta":"","header-main-stick-meta":"","header-below-stick-meta":"","astra-migrate-meta-layouts":"default","ast-page-background-enabled":"default","ast-page-background-meta":{"desktop":{"background-color":"var(--ast-global-color-4)","background-image":"","background-repeat":"repeat","background-position":"center center","background-size":"auto","background-attachment":"scroll","background-type":"","background-media":"","overlay-type":"","overlay-color":"","overlay-gradient":""},"tablet":{"background-color":"","background-image":"","background-repeat":"repeat","background-position":"center center","background-size":"auto","background-attachment":"scroll","background-type":"","background-media":"","overlay-type":"","overlay-color":"","overlay-gradient":""},"mobile":{"background-color":"","background-image":"","background-repeat":"repeat","background-position":"center center","background-size":"auto","background-attachment":"scroll","background-type":"","background-media":"","overlay-type":"","overlay-color":"","overlay-gradient":""}},"ast-content-background-meta":{"desktop":{"background-color":"var(--ast-global-color-5)","background-image":"","background-repeat":"repeat","background-position":"center center","background-size":"auto","background-attachment":"scroll","background-type":"","background-media":"","overlay-type":"","overlay-color":"","overlay-gradient":""},"tablet":{"background-color":"var(--ast-global-color-5)","background-image":"","background-repeat":"repeat","background-position":"center center","background-size":"auto","background-attachment":"scroll","background-type":"","background-media":"","overlay-type":"","overlay-color":"","overlay-gradient":""},"mobile":{"background-color":"var(--ast-global-color-5)","background-image":"","background-repeat":"repeat","background-position":"center center","background-size":"auto","background-attachment":"scroll","background-type":"","background-media":"","overlay-type":"","overlay-color":"","overlay-gradient":""}},"_joinchat":[],"footnotes":""},"aioseo_notices":[],"yoast_head":"<!-- This site is optimized with the Yoast SEO plugin v24.1 - https:\/\/yoast.com\/wordpress\/plugins\/seo\/ -->\n<title>Discotecas Medell\u00edn | Mejores Bares, Eventos y Restaurantes<\/title>\n<meta name=\"description\" content=\"Disfruta la mejor noche en bares y discotecas top de Medell\u00edn, El Poblado e Itag\u00fc\u00ed. M\u00fasica, gastronom\u00eda y diversi\u00f3n. \u00a1Reserva ya!\" \/>\n<meta name=\"robots\" content=\"index, follow, max-snippet:-1, max-image-preview:large, max-video-preview:-1\" \/>\n<link rel=\"canonical\" href=\"https:\/\/discotecasmedellin.com.co\/en\/\" \/>\n<meta property=\"og:locale\" content=\"en_US\" \/>\n<meta property=\"og:type\" content=\"article\" \/>\n<meta property=\"og:title\" content=\"Discotecas Medell\u00edn | Mejores Bares, Eventos y Restaurantes\" \/>\n<meta property=\"og:description\" content=\"Disfruta la mejor noche en bares y discotecas top de Medell\u00edn, El Poblado e Itag\u00fc\u00ed. M\u00fasica, gastronom\u00eda y diversi\u00f3n. \u00a1Reserva ya!\" \/>\n<meta property=\"og:url\" content=\"https:\/\/discotecasmedellin.com.co\/en\/\" \/>\n<meta property=\"article:modified_time\" content=\"2026-01-08T22:43:02+00:00\" \/>\n<meta property=\"og:image\" content=\"https:\/\/discotecasmedellin.com.co\/wp-content\/uploads\/2024\/07\/1.jpg\" \/>\n\t<meta property=\"og:image:width\" content=\"1200\" \/>\n\t<meta property=\"og:image:height\" content=\"1200\" \/>\n\t<meta property=\"og:image:type\" content=\"image\/jpeg\" \/>\n<meta name=\"twitter:card\" content=\"summary_large_image\" \/>\n<meta name=\"twitter:label1\" content=\"Est. reading time\" \/>\n\t<meta name=\"twitter:data1\" content=\"1 minute\" \/>\n<script type=\"application\/ld+json\" class=\"yoast-schema-graph\">{\"@context\":\"https:\/\/schema.org\",\"@graph\":[{\"@type\":[\"Article\",\"BlogPosting\"],\"@id\":\"https:\/\/discotecasmedellin.com.co\/#article\",\"isPartOf\":{\"@id\":\"https:\/\/discotecasmedellin.com.co\/\"},\"author\":{\"name\":\"discotecasmedellin.com.co\",\"@id\":\"https:\/\/discotecasmedellin.com.co\/#\/schema\/person\/a213c1b49bbbc5882fb6c3a3ed5f1aa5\"},\"headline\":\"INICIO\",\"datePublished\":\"2024-05-08T01:35:51+00:00\",\"dateModified\":\"2026-01-08T22:43:02+00:00\",\"mainEntityOfPage\":{\"@id\":\"https:\/\/discotecasmedellin.com.co\/\"},\"wordCount\":108,\"publisher\":{\"@id\":\"https:\/\/discotecasmedellin.com.co\/#organization\"},\"image\":{\"@id\":\"https:\/\/discotecasmedellin.com.co\/#primaryimage\"},\"thumbnailUrl\":\"https:\/\/discotecasmedellin.com.co\/wp-content\/uploads\/2024\/07\/1-1024x1024.jpg\",\"inLanguage\":\"en-US\"},{\"@type\":\"WebPage\",\"@id\":\"https:\/\/discotecasmedellin.com.co\/\",\"url\":\"https:\/\/discotecasmedellin.com.co\/\",\"name\":\"Discotecas Medell\u00edn | Mejores Bares, Eventos y Restaurantes\",\"isPartOf\":{\"@id\":\"https:\/\/discotecasmedellin.com.co\/#website\"},\"primaryImageOfPage\":{\"@id\":\"https:\/\/discotecasmedellin.com.co\/#primaryimage\"},\"image\":{\"@id\":\"https:\/\/discotecasmedellin.com.co\/#primaryimage\"},\"thumbnailUrl\":\"https:\/\/discotecasmedellin.com.co\/wp-content\/uploads\/2024\/07\/1-1024x1024.jpg\",\"datePublished\":\"2024-05-08T01:35:51+00:00\",\"dateModified\":\"2026-01-08T22:43:02+00:00\",\"description\":\"Disfruta la mejor noche en bares y discotecas top de Medell\u00edn, El Poblado e Itag\u00fc\u00ed. M\u00fasica, gastronom\u00eda y diversi\u00f3n. \u00a1Reserva ya!\",\"breadcrumb\":{\"@id\":\"https:\/\/discotecasmedellin.com.co\/#breadcrumb\"},\"inLanguage\":\"en-US\",\"potentialAction\":[{\"@type\":\"ReadAction\",\"target\":[\"https:\/\/discotecasmedellin.com.co\/\"]}]},{\"@type\":\"ImageObject\",\"inLanguage\":\"en-US\",\"@id\":\"https:\/\/discotecasmedellin.com.co\/#primaryimage\",\"url\":\"https:\/\/discotecasmedellin.com.co\/wp-content\/uploads\/2024\/07\/1-1024x1024.jpg\",\"contentUrl\":\"https:\/\/discotecasmedellin.com.co\/wp-content\/uploads\/2024\/07\/1-1024x1024.jpg\"},{\"@type\":\"BreadcrumbList\",\"@id\":\"https:\/\/discotecasmedellin.com.co\/#breadcrumb\",\"itemListElement\":[{\"@type\":\"ListItem\",\"position\":1,\"name\":\"Inicio\",\"item\":\"https:\/\/discotecasmedellin.com.co\/\"},{\"@type\":\"ListItem\",\"position\":2,\"name\":\"INICIO\"}]},{\"@type\":\"WebSite\",\"@id\":\"https:\/\/discotecasmedellin.com.co\/#website\",\"url\":\"https:\/\/discotecasmedellin.com.co\/\",\"name\":\"Discotecas Medell\u00edn\",\"description\":\"\",\"publisher\":{\"@id\":\"https:\/\/discotecasmedellin.com.co\/#organization\"},\"alternateName\":\"discotecasmedell\u00edn.com.co\",\"potentialAction\":[{\"@type\":\"SearchAction\",\"target\":{\"@type\":\"EntryPoint\",\"urlTemplate\":\"https:\/\/discotecasmedellin.com.co\/?s={search_term_string}\"},\"query-input\":{\"@type\":\"PropertyValueSpecification\",\"valueRequired\":true,\"valueName\":\"search_term_string\"}}],\"inLanguage\":\"en-US\"},{\"@type\":\"Organization\",\"@id\":\"https:\/\/discotecasmedellin.com.co\/#organization\",\"name\":\"Discotecas Medell\u00edn\",\"url\":\"https:\/\/discotecasmedellin.com.co\/\",\"logo\":{\"@type\":\"ImageObject\",\"inLanguage\":\"en-US\",\"@id\":\"https:\/\/discotecasmedellin.com.co\/#\/schema\/logo\/image\/\",\"url\":\"https:\/\/discotecasmedellin.com.co\/wp-content\/uploads\/2024\/05\/Sin-titulo-1.png\",\"contentUrl\":\"https:\/\/discotecasmedellin.com.co\/wp-content\/uploads\/2024\/05\/Sin-titulo-1.png\",\"width\":500,\"height\":500,\"caption\":\"Discotecas Medell\u00edn\"},\"image\":{\"@id\":\"https:\/\/discotecasmedellin.com.co\/#\/schema\/logo\/image\/\"}},{\"@type\":\"Person\",\"@id\":\"https:\/\/discotecasmedellin.com.co\/#\/schema\/person\/a213c1b49bbbc5882fb6c3a3ed5f1aa5\",\"name\":\"discotecasmedellin.com.co\",\"image\":{\"@type\":\"ImageObject\",\"inLanguage\":\"en-US\",\"@id\":\"https:\/\/discotecasmedellin.com.co\/#\/schema\/person\/image\/\",\"url\":\"https:\/\/secure.gravatar.com\/avatar\/8cdf44c9813cfbe8292698e7c64c71a8?s=96&d=mm&r=g\",\"contentUrl\":\"https:\/\/secure.gravatar.com\/avatar\/8cdf44c9813cfbe8292698e7c64c71a8?s=96&d=mm&r=g\",\"caption\":\"discotecasmedellin.com.co\"},\"sameAs\":[\"http:\/\/discotecasmedellin.com.co\"],\"url\":\"https:\/\/discotecasmedellin.com.co\/en\/author\/discotecasmedellin-com-co\/\"}]}<\/script>\n<!-- \/ Yoast SEO plugin. -->","yoast_head_json":{"title":"Discotecas Medell\u00edn | Mejores Bares, Eventos y Restaurantes","description":"Disfruta la mejor noche en bares y discotecas top de Medell\u00edn, El Poblado e Itag\u00fc\u00ed. M\u00fasica, gastronom\u00eda y diversi\u00f3n. \u00a1Reserva ya!","robots":{"index":"index","follow":"follow","max-snippet":"max-snippet:-1","max-image-preview":"max-image-preview:large","max-video-preview":"max-video-preview:-1"},"canonical":"https:\/\/discotecasmedellin.com.co\/en\/","og_locale":"en_US","og_type":"article","og_title":"Discotecas Medell\u00edn | Mejores Bares, Eventos y Restaurantes","og_description":"Disfruta la mejor noche en bares y discotecas top de Medell\u00edn, El Poblado e Itag\u00fc\u00ed. M\u00fasica, gastronom\u00eda y diversi\u00f3n. \u00a1Reserva ya!","og_url":"https:\/\/discotecasmedellin.com.co\/en\/","article_modified_time":"2026-01-08T22:43:02+00:00","og_image":[{"width":1200,"height":1200,"url":"https:\/\/discotecasmedellin.com.co\/wp-content\/uploads\/2024\/07\/1.jpg","type":"image\/jpeg"}],"twitter_card":"summary_large_image","twitter_misc":{"Est. reading time":"1 minute"},"schema":{"@context":"https:\/\/schema.org","@graph":[{"@type":["Article","BlogPosting"],"@id":"https:\/\/discotecasmedellin.com.co\/#article","isPartOf":{"@id":"https:\/\/discotecasmedellin.com.co\/"},"author":{"name":"discotecasmedellin.com.co","@id":"https:\/\/discotecasmedellin.com.co\/#\/schema\/person\/a213c1b49bbbc5882fb6c3a3ed5f1aa5"},"headline":"INICIO","datePublished":"2024-05-08T01:35:51+00:00","dateModified":"2026-01-08T22:43:02+00:00","mainEntityOfPage":{"@id":"https:\/\/discotecasmedellin.com.co\/"},"wordCount":108,"publisher":{"@id":"https:\/\/discotecasmedellin.com.co\/#organization"},"image":{"@id":"https:\/\/discotecasmedellin.com.co\/#primaryimage"},"thumbnailUrl":"https:\/\/discotecasmedellin.com.co\/wp-content\/uploads\/2024\/07\/1-1024x1024.jpg","inLanguage":"en-US"},{"@type":"WebPage","@id":"https:\/\/discotecasmedellin.com.co\/","url":"https:\/\/discotecasmedellin.com.co\/","name":"Discotecas Medell\u00edn | Mejores Bares, Eventos y Restaurantes","isPartOf":{"@id":"https:\/\/discotecasmedellin.com.co\/#website"},"primaryImageOfPage":{"@id":"https:\/\/discotecasmedellin.com.co\/#primaryimage"},"image":{"@id":"https:\/\/discotecasmedellin.com.co\/#primaryimage"},"thumbnailUrl":"https:\/\/discotecasmedellin.com.co\/wp-content\/uploads\/2024\/07\/1-1024x1024.jpg","datePublished":"2024-05-08T01:35:51+00:00","dateModified":"2026-01-08T22:43:02+00:00","description":"Disfruta la mejor noche en bares y discotecas top de Medell\u00edn, El Poblado e Itag\u00fc\u00ed. M\u00fasica, gastronom\u00eda y diversi\u00f3n. \u00a1Reserva ya!","breadcrumb":{"@id":"https:\/\/discotecasmedellin.com.co\/#breadcrumb"},"inLanguage":"en-US","potentialAction":[{"@type":"ReadAction","target":["https:\/\/discotecasmedellin.com.co\/"]}]},{"@type":"ImageObject","inLanguage":"en-US","@id":"https:\/\/discotecasmedellin.com.co\/#primaryimage","url":"https:\/\/discotecasmedellin.com.co\/wp-content\/uploads\/2024\/07\/1-1024x1024.jpg","contentUrl":"https:\/\/discotecasmedellin.com.co\/wp-content\/uploads\/2024\/07\/1-1024x1024.jpg"},{"@type":"BreadcrumbList","@id":"https:\/\/discotecasmedellin.com.co\/#breadcrumb","itemListElement":[{"@type":"ListItem","position":1,"name":"Inicio","item":"https:\/\/discotecasmedellin.com.co\/"},{"@type":"ListItem","position":2,"name":"INICIO"}]},{"@type":"WebSite","@id":"https:\/\/discotecasmedellin.com.co\/#website","url":"https:\/\/discotecasmedellin.com.co\/","name":"Discotecas Medell\u00edn","description":"","publisher":{"@id":"https:\/\/discotecasmedellin.com.co\/#organization"},"alternateName":"discotecasmedell\u00edn.com.co","potentialAction":[{"@type":"SearchAction","target":{"@type":"EntryPoint","urlTemplate":"https:\/\/discotecasmedellin.com.co\/?s={search_term_string}"},"query-input":{"@type":"PropertyValueSpecification","valueRequired":true,"valueName":"search_term_string"}}],"inLanguage":"en-US"},{"@type":"Organization","@id":"https:\/\/discotecasmedellin.com.co\/#organization","name":"Discotecas Medell\u00edn","url":"https:\/\/discotecasmedellin.com.co\/","logo":{"@type":"ImageObject","inLanguage":"en-US","@id":"https:\/\/discotecasmedellin.com.co\/#\/schema\/logo\/image\/","url":"https:\/\/discotecasmedellin.com.co\/wp-content\/uploads\/2024\/05\/Sin-titulo-1.png","contentUrl":"https:\/\/discotecasmedellin.com.co\/wp-content\/uploads\/2024\/05\/Sin-titulo-1.png","width":500,"height":500,"caption":"Discotecas Medell\u00edn"},"image":{"@id":"https:\/\/discotecasmedellin.com.co\/#\/schema\/logo\/image\/"}},{"@type":"Person","@id":"https:\/\/discotecasmedellin.com.co\/#\/schema\/person\/a213c1b49bbbc5882fb6c3a3ed5f1aa5","name":"discotecasmedellin.com.co","image":{"@type":"ImageObject","inLanguage":"en-US","@id":"https:\/\/discotecasmedellin.com.co\/#\/schema\/person\/image\/","url":"https:\/\/secure.gravatar.com\/avatar\/8cdf44c9813cfbe8292698e7c64c71a8?s=96&d=mm&r=g","contentUrl":"https:\/\/secure.gravatar.com\/avatar\/8cdf44c9813cfbe8292698e7c64c71a8?s=96&d=mm&r=g","caption":"discotecasmedellin.com.co"},"sameAs":["http:\/\/discotecasmedellin.com.co"],"url":"https:\/\/discotecasmedellin.com.co\/en\/author\/discotecasmedellin-com-co\/"}]}},"_links":{"self":[{"href":"https:\/\/discotecasmedellin.com.co\/en\/wp-json\/wp\/v2\/pages\/27"}],"collection":[{"href":"https:\/\/discotecasmedellin.com.co\/en\/wp-json\/wp\/v2\/pages"}],"about":[{"href":"https:\/\/discotecasmedellin.com.co\/en\/wp-json\/wp\/v2\/types\/page"}],"author":[{"embeddable":true,"href":"https:\/\/discotecasmedellin.com.co\/en\/wp-json\/wp\/v2\/users\/1"}],"replies":[{"embeddable":true,"href":"https:\/\/discotecasmedellin.com.co\/en\/wp-json\/wp\/v2\/comments?post=27"}],"version-history":[{"count":138,"href":"https:\/\/discotecasmedellin.com.co\/en\/wp-json\/wp\/v2\/pages\/27\/revisions"}],"predecessor-version":[{"id":741,"href":"https:\/\/discotecasmedellin.com.co\/en\/wp-json\/wp\/v2\/pages\/27\/revisions\/741"}],"wp:attachment":[{"href":"https:\/\/discotecasmedellin.com.co\/en\/wp-json\/wp\/v2\/media?parent=27"}],"curies":[{"name":"wp","href":"https:\/\/api.w.org\/{rel}","templated":true}]}}